{"id":37,"date":"2026-02-20T04:12:13","date_gmt":"2026-02-20T03:12:13","guid":{"rendered":"https:\/\/borkowskasmm.pl\/?page_id=37"},"modified":"2026-04-02T01:39:29","modified_gmt":"2026-04-01T23:39:29","slug":"o-mnie","status":"publish","type":"page","link":"https:\/\/borkowskasmm.pl\/?page_id=37","title":{"rendered":"O mnie"},"content":{"rendered":"\n<div class=\"wp-block-columns is-layout-flex wp-container-core-columns-is-layout-28f84493 wp-block-columns-is-layout-flex\">\n<div class=\"wp-block-column is-layout-flow wp-block-column-is-layout-flow\" style=\"flex-basis:50%\"><\/div>\n\n\n\n<div class=\"wp-block-column is-layout-flow wp-block-column-is-layout-flow\" style=\"flex-basis:50%\">\n<p><strong>Cze\u015b\u0107, jestem Mariana <\/strong><br>Specjalizuj\u0119 si\u0119 w prowadzeniu social media i kampaniach reklamowych, kt\u00f3re realnie przek\u0142adaj\u0105 si\u0119 na rozw\u00f3j biznesu.<\/p>\n\n\n\n<p>Pomagam markom budowa\u0107 siln\u0105 obecno\u015b\u0107 w internecie \u2014 nie tylko poprzez estetyczny content, ale przede wszystkim dzi\u0119ki strategii i dobrze ustawionym reklamom.<\/p>\n\n\n\n<p>Nie dzia\u0142am przypadkowo.<br>Ka\u017cda publikacja i ka\u017cda kampania ma sw\u00f3j cel: zwi\u0119kszy\u0107 sprzeda\u017c, przyci\u0105gn\u0105\u0107 klient\u00f3w lub zbudowa\u0107 wizerunek premium.<\/p>\n\n\n\n<p>Na co dzie\u0144 pracuj\u0119 z bran\u017c\u0105 beauty i lokalnymi biznesami, dzi\u0119ki czemu dok\u0142adnie wiem, co dzia\u0142a w tej przestrzeni.<\/p>\n\n\n\n<p>Stawiam na jako\u015b\u0107, estetyk\u0119 i wyniki.<br>Bo social media to nie tylko \u0142adne zdj\u0119cia \u2014 to narz\u0119dzie do zarabiania.<\/p>\n<\/div>\n<\/div>\n\n\n\n<ul class=\"wp-block-list\"><\/ul>\n\n\n\n<p><\/p>\n","protected":false},"excerpt":{"rendered":"<p>Cze\u015b\u0107, jestem Mariana Specjalizuj\u0119 si\u0119 w prowadzeniu social media i kampaniach reklamowych, kt\u00f3re realnie przek\u0142adaj\u0105 si\u0119 na rozw\u00f3j biznesu. Pomagam [&hellip;]<\/p>\n","protected":false},"author":1,"featured_media":0,"parent":0,"menu_order":0,"comment_status":"closed","ping_status":"closed","template":"","meta":{"site-sidebar-layout":"default","site-content-layout":"","ast-site-content-layout":"default","site-content-style":"default","site-sidebar-style":"default","ast-global-header-display":"","ast-banner-title-visibility":"","ast-main-header-display":"","ast-hfb-above-header-display":"","ast-hfb-below-header-display":"","ast-hfb-mobile-header-display":"","site-post-title":"","ast-breadcrumbs-content":"","ast-featured-img":"","footer-sml-layout":"","ast-disable-related-posts":"","theme-transparent-header-meta":"","adv-header-id-meta":"","stick-header-meta":"","header-above-stick-meta":"","header-main-stick-meta":"","header-below-stick-meta":"","astra-migrate-meta-layouts":"default","ast-page-background-enabled":"default","ast-page-background-meta":{"desktop":{"background-color":"var(--ast-global-color-5)","background-image":"","background-repeat":"repeat","background-position":"center center","background-size":"auto","background-attachment":"scroll","background-type":"","background-media":"","overlay-type":"","overlay-color":"","overlay-opacity":"","overlay-gradient":""},"tablet":{"background-color":"","background-image":"","background-repeat":"repeat","background-position":"center center","background-size":"auto","background-attachment":"scroll","background-type":"","background-media":"","overlay-type":"","overlay-color":"","overlay-opacity":"","overlay-gradient":""},"mobile":{"background-color":"","background-image":"","background-repeat":"repeat","background-position":"center center","background-size":"auto","background-attachment":"scroll","background-type":"","background-media":"","overlay-type":"","overlay-color":"","overlay-opacity":"","overlay-gradient":""}},"ast-content-background-meta":{"desktop":{"background-color":"var(--ast-global-color-4)","background-image":"","background-repeat":"repeat","background-position":"center center","background-size":"auto","background-attachment":"scroll","background-type":"","background-media":"","overlay-type":"","overlay-color":"","overlay-opacity":"","overlay-gradient":""},"tablet":{"background-color":"var(--ast-global-color-4)","background-image":"","background-repeat":"repeat","background-position":"center center","background-size":"auto","background-attachment":"scroll","background-type":"","background-media":"","overlay-type":"","overlay-color":"","overlay-opacity":"","overlay-gradient":""},"mobile":{"background-color":"var(--ast-global-color-4)","background-image":"","background-repeat":"repeat","background-position":"center center","background-size":"auto","background-attachment":"scroll","background-type":"","background-media":"","overlay-type":"","overlay-color":"","overlay-opacity":"","overlay-gradient":""}},"footnotes":""},"class_list":["post-37","page","type-page","status-publish","hentry"],"_links":{"self":[{"href":"https:\/\/borkowskasmm.pl\/index.php?rest_route=\/wp\/v2\/pages\/37","targetHints":{"allow":["GET"]}}],"collection":[{"href":"https:\/\/borkowskasmm.pl\/index.php?rest_route=\/wp\/v2\/pages"}],"about":[{"href":"https:\/\/borkowskasmm.pl\/index.php?rest_route=\/wp\/v2\/types\/page"}],"author":[{"embeddable":true,"href":"https:\/\/borkowskasmm.pl\/index.php?rest_route=\/wp\/v2\/users\/1"}],"replies":[{"embeddable":true,"href":"https:\/\/borkowskasmm.pl\/index.php?rest_route=%2Fwp%2Fv2%2Fcomments&post=37"}],"version-history":[{"count":3,"href":"https:\/\/borkowskasmm.pl\/index.php?rest_route=\/wp\/v2\/pages\/37\/revisions"}],"predecessor-version":[{"id":167,"href":"https:\/\/borkowskasmm.pl\/index.php?rest_route=\/wp\/v2\/pages\/37\/revisions\/167"}],"wp:attachment":[{"href":"https:\/\/borkowskasmm.pl\/index.php?rest_route=%2Fwp%2Fv2%2Fmedia&parent=37"}],"curies":[{"name":"wp","href":"https:\/\/api.w.org\/{rel}","templated":true}]}}