{"id":38,"date":"2026-02-20T04:12:13","date_gmt":"2026-02-20T03:12:13","guid":{"rendered":"https:\/\/borkowskasmm.pl\/?page_id=38"},"modified":"2026-03-11T03:16:39","modified_gmt":"2026-03-11T02:16:39","slug":"oferta","status":"publish","type":"page","link":"https:\/\/borkowskasmm.pl\/?page_id=38","title":{"rendered":"Oferta"},"content":{"rendered":"\n<h2 class=\"wp-block-heading has-text-align-center has-background\" style=\"border-width:2px;border-top-left-radius:90px;border-top-right-radius:90px;border-bottom-left-radius:90px;border-bottom-right-radius:90px;background-color:#cfa5a0\">Pakiet Start<\/h2>\n\n\n\n<p class=\"has-text-align-center has-medium-font-size\"><strong>Pierwszy krok do profesjonalnych social media<\/strong><\/p>\n\n\n\n<div class=\"wp-block-group has-background is-vertical is-content-justification-center is-layout-flex wp-container-core-group-is-layout-1d56779b wp-block-group-is-layout-flex\" style=\"border-width:2px;border-top-left-radius:30px;border-top-right-radius:30px;border-bottom-left-radius:30px;border-bottom-right-radius:30px;background-color:#fff5f2;margin-bottom:300px;box-shadow:var(--wp--preset--shadow--natural)\">\n<div class=\"wp-block-columns are-vertically-aligned-center is-layout-flex wp-container-core-columns-is-layout-28f84493 wp-block-columns-is-layout-flex\">\n<div class=\"wp-block-column is-vertically-aligned-center is-layout-flow wp-block-column-is-layout-flow\" style=\"flex-basis:100%\">\n<ul class=\"wp-block-list has-medium-font-size\">\n<li>audyt profilu w social media<\/li>\n\n\n\n<li>rekomendacje zmian i optymalizacji profilu<\/li>\n\n\n\n<li>strategia komunikacji marki<\/li>\n\n\n\n<li>plan contentu<\/li>\n\n\n\n<li>publikacja tre\u015bci<\/li>\n\n\n\n<li>podstawowa analiza wynik\u00f3w<\/li>\n<\/ul>\n<\/div>\n<\/div>\n<\/div>\n\n\n\n<p><\/p>\n\n\n\n<p><\/p>\n\n\n\n<p><\/p>\n\n\n\n<h2 class=\"wp-block-heading has-text-align-center has-background\" style=\"border-width:2px;border-top-left-radius:90px;border-top-right-radius:90px;border-bottom-left-radius:90px;border-bottom-right-radius:90px;background-color:#cfa5a0\">Pakiet Rozw\u00f3j<\/h2>\n\n\n\n<p class=\"has-text-align-center has-medium-font-size\"><strong>Dla firm, kt\u00f3re maj\u0105 ju\u017c podstawy obecno\u015bci w social media i chc\u0105 rozwija\u0107 swoj\u0105 strategi\u0119 marketingow\u0105.<\/strong><\/p>\n\n\n\n<div class=\"wp-block-group has-background has-medium-font-size is-vertical is-content-justification-center is-layout-flex wp-container-core-group-is-layout-1d56779b wp-block-group-is-layout-flex\" style=\"border-width:2px;border-top-left-radius:30px;border-top-right-radius:30px;border-bottom-left-radius:30px;border-bottom-right-radius:30px;background-color:#fff5f2;margin-bottom:300px;box-shadow:var(--wp--preset--shadow--natural)\">\n<div class=\"wp-block-columns is-layout-flex wp-container-core-columns-is-layout-28f84493 wp-block-columns-is-layout-flex\">\n<div class=\"wp-block-column is-layout-flow wp-block-column-is-layout-flow\" style=\"flex-basis:100%\">\n<ul class=\"wp-block-list\">\n<li>strategia marketingowa<\/li>\n\n\n\n<li>plan contentu<\/li>\n\n\n\n<li>prowadzenie profili social media<\/li>\n\n\n\n<li>tworzenie contentu<\/li>\n\n\n\n<li>podstawowe kampanie reklamowe Meta Ads<\/li>\n\n\n\n<li>analiza wynik\u00f3w i optymalizacja<\/li>\n<\/ul>\n<\/div>\n<\/div>\n<\/div>\n\n\n\n<p><\/p>\n\n\n\n<p><\/p>\n\n\n\n<h2 class=\"wp-block-heading has-text-align-center has-background\" style=\"border-style:none;border-width:0px;border-top-left-radius:90px;border-top-right-radius:90px;border-bottom-left-radius:90px;border-bottom-right-radius:90px;background-color:#cfa5a0\">Pakiet Kompleksowy<\/h2>\n\n\n\n<p class=\"has-text-align-center has-medium-font-size\"><strong>Kompleksowa strategia marketingowa i kampanie reklamowe<\/strong><\/p>\n\n\n\n<p class=\"has-text-align-center has-large-font-size\"><strong>\u2b50\ufe0f Najcz\u0119\u015bciej wybierany pakiet wsp\u00f3\u0142pracy<\/strong><\/p>\n\n\n\n<div class=\"wp-block-group has-background has-medium-font-size is-vertical is-content-justification-center is-layout-flex wp-container-core-group-is-layout-81423f52 wp-block-group-is-layout-flex\" style=\"border-width:4px;border-top-left-radius:30px;border-top-right-radius:30px;border-bottom-left-radius:30px;border-bottom-right-radius:30px;background-color:#ebd3d0;box-shadow:var(--wp--preset--shadow--natural)\">\n<div class=\"wp-block-columns is-layout-flex wp-container-core-columns-is-layout-28f84493 wp-block-columns-is-layout-flex\">\n<div class=\"wp-block-column is-layout-flow wp-block-column-is-layout-flow\" style=\"flex-basis:100%\">\n<ul class=\"wp-block-list\">\n<li style=\"font-style:normal;font-weight:1000\">kompleksowa strategia marketingowa<\/li>\n\n\n\n<li style=\"font-style:normal;font-weight:1000\">prowadzenie social media<\/li>\n\n\n\n<li style=\"font-style:normal;font-weight:1000\">tworzenie contentu<\/li>\n\n\n\n<li style=\"font-style:normal;font-weight:1000\">prowadzenie kampanii reklamowych Meta Ads<\/li>\n\n\n\n<li style=\"font-style:normal;font-weight:1000\">optymalizacja kampanii reklamowych<\/li>\n\n\n\n<li style=\"font-style:normal;font-weight:1000\">analiza wynik\u00f3w<\/li>\n\n\n\n<li style=\"font-style:normal;font-weight:1000\">konsultacje marketingowe<\/li>\n<\/ul>\n<\/div>\n<\/div>\n<\/div>\n\n\n\n<p><\/p>\n","protected":false},"excerpt":{"rendered":"<p>Pakiet Start Pierwszy krok do profesjonalnych social media Pakiet Rozw\u00f3j Dla firm, kt\u00f3re maj\u0105 ju\u017c podstawy obecno\u015bci w social media [&hellip;]<\/p>\n","protected":false},"author":1,"featured_media":0,"parent":0,"menu_order":0,"comment_status":"closed","ping_status":"closed","template":"","meta":{"site-sidebar-layout":"default","site-content-layout":"","ast-site-content-layout":"default","site-content-style":"default","site-sidebar-style":"default","ast-global-header-display":"","ast-banner-title-visibility":"","ast-main-header-display":"","ast-hfb-above-header-display":"","ast-hfb-below-header-display":"","ast-hfb-mobile-header-display":"","site-post-title":"","ast-breadcrumbs-content":"","ast-featured-img":"","footer-sml-layout":"","ast-disable-related-posts":"","theme-transparent-header-meta":"","adv-header-id-meta":"","stick-header-meta":"","header-above-stick-meta":"","header-main-stick-meta":"","header-below-stick-meta":"","astra-migrate-meta-layouts":"default","ast-page-background-enabled":"default","ast-page-background-meta":{"desktop":{"background-color":"var(--ast-global-color-5)","background-image":"","background-repeat":"repeat","background-position":"center center","background-size":"auto","background-attachment":"scroll","background-type":"","background-media":"","overlay-type":"","overlay-color":"","overlay-opacity":"","overlay-gradient":""},"tablet":{"background-color":"","background-image":"","background-repeat":"repeat","background-position":"center center","background-size":"auto","background-attachment":"scroll","background-type":"","background-media":"","overlay-type":"","overlay-color":"","overlay-opacity":"","overlay-gradient":""},"mobile":{"background-color":"","background-image":"","background-repeat":"repeat","background-position":"center center","background-size":"auto","background-attachment":"scroll","background-type":"","background-media":"","overlay-type":"","overlay-color":"","overlay-opacity":"","overlay-gradient":""}},"ast-content-background-meta":{"desktop":{"background-color":"var(--ast-global-color-4)","background-image":"","background-repeat":"repeat","background-position":"center center","background-size":"auto","background-attachment":"scroll","background-type":"","background-media":"","overlay-type":"","overlay-color":"","overlay-opacity":"","overlay-gradient":""},"tablet":{"background-color":"var(--ast-global-color-4)","background-image":"","background-repeat":"repeat","background-position":"center center","background-size":"auto","background-attachment":"scroll","background-type":"","background-media":"","overlay-type":"","overlay-color":"","overlay-opacity":"","overlay-gradient":""},"mobile":{"background-color":"var(--ast-global-color-4)","background-image":"","background-repeat":"repeat","background-position":"center center","background-size":"auto","background-attachment":"scroll","background-type":"","background-media":"","overlay-type":"","overlay-color":"","overlay-opacity":"","overlay-gradient":""}},"footnotes":""},"class_list":["post-38","page","type-page","status-publish","hentry"],"_links":{"self":[{"href":"https:\/\/borkowskasmm.pl\/index.php?rest_route=\/wp\/v2\/pages\/38","targetHints":{"allow":["GET"]}}],"collection":[{"href":"https:\/\/borkowskasmm.pl\/index.php?rest_route=\/wp\/v2\/pages"}],"about":[{"href":"https:\/\/borkowskasmm.pl\/index.php?rest_route=\/wp\/v2\/types\/page"}],"author":[{"embeddable":true,"href":"https:\/\/borkowskasmm.pl\/index.php?rest_route=\/wp\/v2\/users\/1"}],"replies":[{"embeddable":true,"href":"https:\/\/borkowskasmm.pl\/index.php?rest_route=%2Fwp%2Fv2%2Fcomments&post=38"}],"version-history":[{"count":11,"href":"https:\/\/borkowskasmm.pl\/index.php?rest_route=\/wp\/v2\/pages\/38\/revisions"}],"predecessor-version":[{"id":168,"href":"https:\/\/borkowskasmm.pl\/index.php?rest_route=\/wp\/v2\/pages\/38\/revisions\/168"}],"wp:attachment":[{"href":"https:\/\/borkowskasmm.pl\/index.php?rest_route=%2Fwp%2Fv2%2Fmedia&parent=38"}],"curies":[{"name":"wp","href":"https:\/\/api.w.org\/{rel}","templated":true}]}}